{"id":21,"date":"2019-04-14T07:19:02","date_gmt":"2019-04-14T07:19:02","guid":{"rendered":"http:\/\/stratos-swiss.com\/company\/?page_id=21"},"modified":"2023-08-31T15:47:00","modified_gmt":"2023-08-31T15:47:00","slug":"trading","status":"publish","type":"page","link":"https:\/\/stratos-swiss.com\/company\/index.php\/trading\/","title":{"rendered":"Trading"},"content":{"rendered":"\n<p><h3><strong>Trading<\/strong><\/h3><\/p>\n\n\n\n<p>For more than 20 years we have been a reliable partner and a guarantor for successful business for both our customers and suppliers.<\/p>\n\n\n\n<p>We consist of a multiethnic team and can therefore confidently conduct business, especially in Chinese and European markets. We build bridges between the somehow diverse markets of Asia and Europe and therefore make it possible for our partners and us to reach mutual goals in the best possible manner in order to sustainably create value for all parties involved.<\/p>\n\n\n\n<p>Our partners have come to appreciate our reliability, our intercultural competence and our very high standards in regard to the quality of our products and services.<\/p>\n\n\n\n<h3 class=\"wp-block-heading\"><strong>Handel<\/strong><\/h3>\n\n\n\n<p>Seit mehr als 20 Jahren sind wir f\u00fcr unsere Kunden und Lieferanten ein verl\u00e4sslicher Partner und Garant f\u00fcr erfolgreiche Gesch\u00e4fte.<\/p>\n\n\n\n<p>Wir bestehen aus einem multiethnischen Team und k\u00f6nnen daher Gesch\u00e4fte insbesondere auf chinesischen und europ\u00e4ischen M\u00e4rkten souver\u00e4n abwickeln. Wir bauen Br\u00fccken zwischen den teils unterschiedlichen M\u00e4rkten Asiens und Europas und erm\u00f6glichen so unseren Partnern und uns, gemeinsame Ziele bestm\u00f6glich zu erreichen und so nachhaltig Mehrwert f\u00fcr alle Beteiligten zu schaffen.<\/p>\n\n\n\n<p>Unsere Partner sch\u00e4tzen unsere Zuverl\u00e4ssigkeit, unsere interkulturelle Kompetenz und unseren sehr hohen Anspruch an die Qualit\u00e4t unserer Produkte und Dienstleistungen.<\/p>\n\n\n\n<h2 class=\"wp-block-heading\">\u54a8\u8be2<\/h2>\n\n\n\n<p>20\u591a\u5e74\u6765\uff0c\u6211\u4eec\u4e00\u76f4\u662f\u5ba2\u6237\u548c\u4f9b\u5e94\u5546\u6210\u529f\u7ecf\u8425\u7684\u53ef\u9760\u5408\u4f5c\u4f19\u4f34\u548c\u4fdd\u8bc1\u4eba\u3002<br>\u6211\u4eec\u7531\u591a\u6c11\u65cf\u56e2\u961f\u7ec4\u6210\uff0c\u56e0\u6b64\u53ef\u4ee5\u81ea\u4fe1\u5730\u5f00\u5c55\u4e1a\u52a1\uff0c\u5c24\u5176\u662f\u5728\u4e2d\u56fd\u548c\u6b27\u6d32\u5e02\u573a\u3002\u6211\u4eec\u5728\u4e9a\u6d32\u548c\u6b27\u6d32\u4e0d\u540c\u7684\u5e02\u573a\u4e4b\u95f4\u67b6\u8d77\u4e86\u6865\u6881\uff0c\u4ece\u800c\u4f7f\u6211\u4eec\u7684\u5408\u4f5c\u4f19\u4f34\u548c\u6211\u4eec\u80fd\u591f\u4ee5\u5c3d\u53ef\u80fd\u597d\u7684\u65b9\u5f0f\u8fbe\u6210\u5171\u540c\u76ee\u6807\uff0c\u4ece\u800c\u4e3a\u6240\u6709\u76f8\u5173\u65b9\u53ef\u6301\u7eed\u5730\u521b\u9020\u4ef7\u503c\u3002<br>\u6211\u4eec\u7684\u5408\u4f5c\u4f19\u4f34\u5df2\u7ecf\u5f00\u59cb\u6b23\u8d4f\u6211\u4eec\u7684\u53ef\u9760\u6027\u3001\u8de8\u6587\u5316\u80fd\u529b\u4ee5\u53ca\u6211\u4eec\u5728\u4ea7\u54c1\u548c\u670d\u52a1\u8d28\u91cf\u65b9\u9762\u7684\u9ad8\u6807\u51c6\u3002<\/p>\n","protected":false},"excerpt":{"rendered":"<p>Trading For more than 20 years we have been a reliable partner and a guarantor for successful business for both our customers and suppliers. We consist of a multiethnic team and can therefore confidently conduct business, especially in Chinese and European markets. We build bridges between the somehow diverse markets of Asia and Europe and &hellip;<\/p>\n","protected":false},"author":1,"featured_media":0,"parent":0,"menu_order":0,"comment_status":"closed","ping_status":"closed","template":"","meta":{"_genesis_hide_title":false,"_genesis_hide_breadcrumbs":false,"_genesis_hide_singular_image":false,"_genesis_hide_footer_widgets":false,"_genesis_custom_body_class":"","_genesis_custom_post_class":"","_genesis_layout":"","footnotes":""},"class_list":{"0":"post-21","1":"page","2":"type-page","3":"status-publish","5":"entry"},"_links":{"self":[{"href":"https:\/\/stratos-swiss.com\/company\/index.php\/wp-json\/wp\/v2\/pages\/21","targetHints":{"allow":["GET"]}}],"collection":[{"href":"https:\/\/stratos-swiss.com\/company\/index.php\/wp-json\/wp\/v2\/pages"}],"about":[{"href":"https:\/\/stratos-swiss.com\/company\/index.php\/wp-json\/wp\/v2\/types\/page"}],"author":[{"embeddable":true,"href":"https:\/\/stratos-swiss.com\/company\/index.php\/wp-json\/wp\/v2\/users\/1"}],"replies":[{"embeddable":true,"href":"https:\/\/stratos-swiss.com\/company\/index.php\/wp-json\/wp\/v2\/comments?post=21"}],"version-history":[{"count":23,"href":"https:\/\/stratos-swiss.com\/company\/index.php\/wp-json\/wp\/v2\/pages\/21\/revisions"}],"predecessor-version":[{"id":396,"href":"https:\/\/stratos-swiss.com\/company\/index.php\/wp-json\/wp\/v2\/pages\/21\/revisions\/396"}],"wp:attachment":[{"href":"https:\/\/stratos-swiss.com\/company\/index.php\/wp-json\/wp\/v2\/media?parent=21"}],"curies":[{"name":"wp","href":"https:\/\/api.w.org\/{rel}","templated":true}]}}